  {"id":13,"date":"2022-12-03T18:15:55","date_gmt":"2022-12-03T18:15:55","guid":{"rendered":"https:\/\/payevarholidays.com\/?page_id=13"},"modified":"2023-04-07T03:00:29","modified_gmt":"2023-04-07T03:00:29","slug":"landing","status":"publish","type":"page","link":"https:\/\/payevarholidays.com\/","title":{"rendered":"Landing"},"content":{"rendered":"<h2>Gracias por su inter\u00e9s. En estos momentos no estamos recibiendo \u00f3rdenes en l\u00ednea.<\/h2>\n<h1 contenteditable=\"true\" data-elementor-setting-key=\"title\" data-pen-placeholder=\"Type Here...\">\u00a0<\/h1>\n<p>\t\t\t<a href=\"https:\/\/www.wilobenet.com\" role=\"button\"><br \/>\n\t\t\t\t\t\tIr a www.wilobenet.com<br \/>\n\t\t\t\t\t<\/a><\/p>\n<style>\/*! elementor - v3.8.1 - 13-11-2022 *\/\n.elementor-heading-title{padding:0;margin:0;line-height:1}.elementor-widget-heading .elementor-heading-title[class*=elementor-size-]>a{color:inherit;font-size:inherit;line-height:inherit}.elementor-widget-heading .elementor-heading-title.elementor-size-small{font-size:15px}.elementor-widget-heading .elementor-heading-title.elementor-size-medium{font-size:19px}.elementor-widget-heading .elementor-heading-title.elementor-size-large{font-size:29px}.elementor-widget-heading .elementor-heading-title.elementor-size-xl{font-size:39px}.elementor-widget-heading .elementor-heading-title.elementor-size-xxl{font-size:59px}<\/style>\n<h4>\u00a1Crea tu propia Cena para Semana Santa!<\/h4>\n<p>\t\t\t<a role=\"button\"><br \/>\n\t\t\t\t\t\tOrdena Aqu\u00ed<br \/>\n\t\t\t\t\t<\/a><\/p>\n","protected":false},"excerpt":{"rendered":"<p>Gracias por su inter\u00e9s. En estos momentos no estamos recibiendo \u00f3rdenes en l\u00ednea. \u00a0 Ir a www.wilobenet.com \u00a1Crea tu propia Cena para Semana Santa! Ordena Aqu\u00ed<\/p>\n","protected":false},"author":1,"featured_media":0,"parent":0,"menu_order":0,"comment_status":"closed","ping_status":"closed","template":"","meta":{"footnotes":""},"class_list":["post-13","page","type-page","status-publish","hentry"],"_links":{"self":[{"href":"https:\/\/payevarholidays.com\/index.php\/wp-json\/wp\/v2\/pages\/13","targetHints":{"allow":["GET"]}}],"collection":[{"href":"https:\/\/payevarholidays.com\/index.php\/wp-json\/wp\/v2\/pages"}],"about":[{"href":"https:\/\/payevarholidays.com\/index.php\/wp-json\/wp\/v2\/types\/page"}],"author":[{"embeddable":true,"href":"https:\/\/payevarholidays.com\/index.php\/wp-json\/wp\/v2\/users\/1"}],"replies":[{"embeddable":true,"href":"https:\/\/payevarholidays.com\/index.php\/wp-json\/wp\/v2\/comments?post=13"}],"version-history":[{"count":112,"href":"https:\/\/payevarholidays.com\/index.php\/wp-json\/wp\/v2\/pages\/13\/revisions"}],"predecessor-version":[{"id":770,"href":"https:\/\/payevarholidays.com\/index.php\/wp-json\/wp\/v2\/pages\/13\/revisions\/770"}],"wp:attachment":[{"href":"https:\/\/payevarholidays.com\/index.php\/wp-json\/wp\/v2\/media?parent=13"}],"curies":[{"name":"wp","href":"https:\/\/api.w.org\/{rel}","templated":true}]}}